{"id":6026,"date":"2014-02-26T11:05:46","date_gmt":"2014-02-26T10:05:46","guid":{"rendered":"https:\/\/coro.meridianos.org\/?page_id=6026"},"modified":"2020-05-21T09:24:19","modified_gmt":"2020-05-21T08:24:19","slug":"contacto","status":"publish","type":"page","link":"https:\/\/coro.meridianos.org\/index.php\/contacto\/","title":{"rendered":"Contacto"},"content":{"rendered":"<div class=\"vc_row wpb_row vc_row-fluid vc_custom_1587546240838 vc_row-has-fill\"><div class=\"wpb_column vc_column_container vc_col-sm-12 vc_hidden-sm vc_hidden-xs\"><div class=\"vc_column-inner\"><div class=\"wpb_wrapper\"><div class=\"vc_empty_space\"   style=\"height: 20px\"><span class=\"vc_empty_space_inner\"><\/span><\/div>\n\t<div class=\"wpb_text_column wpb_content_element \" >\n\t\t<div class=\"wpb_wrapper\">\n\t\t\t<h2 style=\"text-align: center;\">Trabajamos <strong>en todo el territorio nacional<\/strong><\/h2>\n<p style=\"text-align: center;\">Madrid, Sevilla y Valencia y representaci\u00f3n en todo el territorio espa\u00f1ol.<\/p>\n\n\t\t<\/div>\n\t<\/div>\n<div class=\"vc_separator wpb_content_element vc_separator_align_center vc_sep_width_100 vc_sep_pos_align_center vc_separator_no_text vc_sep_color_grey\" ><span class=\"vc_sep_holder vc_sep_holder_l\"><span  class=\"vc_sep_line\"><\/span><\/span><span class=\"vc_sep_holder vc_sep_holder_r\"><span  class=\"vc_sep_line\"><\/span><\/span>\n<\/div><\/div><\/div><\/div><\/div><div class=\"vc_row wpb_row vc_row-fluid\"><div class=\"nk-box-line wpb_column vc_column_container vc_col-sm-4 vc_col-lg-4\"><div class=\"vc_column-inner vc_custom_1553516828437\"><div class=\"wpb_wrapper\">\n\t<div class=\"wpb_text_column wpb_content_element  vc_custom_1553516344361\" >\n\t\t<div class=\"wpb_wrapper\">\n\t\t\t<h4 style=\"text-align: left;\"><strong>MADRID<\/strong><\/h4>\n\n\t\t<\/div>\n\t<\/div>\n<div class=\"vc_separator wpb_content_element vc_separator_align_center vc_sep_width_30 vc_sep_border_width_4 vc_sep_pos_align_left vc_separator_no_text\" ><span class=\"vc_sep_holder vc_sep_holder_l\"><span  style=\"border-color:#1e979f;\" class=\"vc_sep_line\"><\/span><\/span><span class=\"vc_sep_holder vc_sep_holder_r\"><span  style=\"border-color:#1e979f;\" class=\"vc_sep_line\"><\/span><\/span>\n<\/div><div class=\"  nk-ibox-1\"><div class=\"nk-ibox-icon\"><span class=\"ion-ios-home\"><\/span><\/div><div class=\"nk-ibox-cont\"><h3 class=\"nk-ibox-title\">Direcci\u00f3n<\/h3><p>Carrera de San Jer\u00f3nimo 15<br \/>\n2\u00ba Palacio de Miraflores.<br \/>\n28014. MADRID<\/p>\n<\/div><\/div><div class=\" vc_custom_1553859081104  nk-ibox-1\"><div class=\"nk-ibox-icon\"><span class=\"fa fa-phone\"><\/span><\/div><div class=\"nk-ibox-cont\"><h3 class=\"nk-ibox-title\">Tel\u00e9fono<\/h3><p><a href=\"tel:+34914547098\">(+34) 914 547 098<\/a><\/p>\n<\/div><\/div><div class=\"  nk-ibox-1\"><div class=\"nk-ibox-icon\"><span class=\"fa fa-envelope\"><\/span><\/div><div class=\"nk-ibox-cont\"><h3 class=\"nk-ibox-title\">Email<\/h3><p><a href=\"mailto:info@meridianos.org\">info@meridianos.org<\/a><\/p>\n<\/div><\/div><div class=\" vc_custom_1553859102032  nk-ibox-1\"><div class=\"nk-ibox-icon\"><span class=\"fa fa-map-marker\"><\/span><\/div><div class=\"nk-ibox-cont\"><h3 class=\"nk-ibox-title\">Ubicaci\u00f3n<\/h3><p><a href=\"https:\/\/www.google.com\/maps\/d\/viewer?mid=1sfPBGgANqkXMojLibICuD-xj__k&amp;usp=sharing\" target=\"_blank\" rel=\"noopener noreferrer\">Abrir en Google Maps<\/a><\/p>\n<\/div><\/div><\/div><\/div><\/div><div class=\"nk-box-line wpb_column vc_column_container vc_col-sm-4 vc_col-lg-4\"><div class=\"vc_column-inner vc_custom_1553517108611\"><div class=\"wpb_wrapper\">\n\t<div class=\"wpb_text_column wpb_content_element  vc_custom_1553516389537\" >\n\t\t<div class=\"wpb_wrapper\">\n\t\t\t<h4 style=\"text-align: left;\"><strong>SEVILLA<\/strong><\/h4>\n\n\t\t<\/div>\n\t<\/div>\n<div class=\"vc_separator wpb_content_element vc_separator_align_center vc_sep_width_30 vc_sep_border_width_4 vc_sep_pos_align_left vc_separator_no_text\" ><span class=\"vc_sep_holder vc_sep_holder_l\"><span  style=\"border-color:#1e979f;\" class=\"vc_sep_line\"><\/span><\/span><span class=\"vc_sep_holder vc_sep_holder_r\"><span  style=\"border-color:#1e979f;\" class=\"vc_sep_line\"><\/span><\/span>\n<\/div><div class=\"  nk-ibox-1\"><div class=\"nk-ibox-icon\"><span class=\"ion-ios-home\"><\/span><\/div><div class=\"nk-ibox-cont\"><h3 class=\"nk-ibox-title\">Direcci\u00f3n<\/h3><p>Avenida Emilio Lemos 2<br \/>\nEdificio Torre Este, Mod 709.1<br \/>\n41020. SEVILLA<\/p>\n<\/div><\/div><div class=\" vc_custom_1553859129695  nk-ibox-1\"><div class=\"nk-ibox-icon\"><span class=\"fa fa-phone\"><\/span><\/div><div class=\"nk-ibox-cont\"><h3 class=\"nk-ibox-title\">Tel\u00e9fono<\/h3><p><a href=\"tel:+34914547098\">(+34) 914 547 098<\/a><\/p>\n<\/div><\/div><div class=\"  nk-ibox-1\"><div class=\"nk-ibox-icon\"><span class=\"fa fa-envelope\"><\/span><\/div><div class=\"nk-ibox-cont\"><h3 class=\"nk-ibox-title\">Email<\/h3><p><a href=\"mailto:info@meridianos.org\">info@meridianos.org<\/a><\/p>\n<\/div><\/div><div class=\" vc_custom_1553859156207  nk-ibox-1\"><div class=\"nk-ibox-icon\"><span class=\"fa fa-map-marker\"><\/span><\/div><div class=\"nk-ibox-cont\"><h3 class=\"nk-ibox-title\">Ubicaci\u00f3n<\/h3><p><a href=\"https:\/\/www.google.com\/maps\/d\/viewer?mid=1xOt3wIEq3ilXf-LGP_egTHMor5g&amp;usp=sharing\" target=\"_blank\" rel=\"noopener noreferrer\">Abrir en Google Maps<\/a><\/p>\n<\/div><\/div><\/div><\/div><\/div><div class=\"wpb_column vc_column_container vc_col-sm-4 vc_col-lg-4\"><div class=\"vc_column-inner vc_custom_1553517114971\"><div class=\"wpb_wrapper\">\n\t<div class=\"wpb_text_column wpb_content_element  vc_custom_1553516399922\" >\n\t\t<div class=\"wpb_wrapper\">\n\t\t\t<h4 style=\"text-align: left;\"><strong>VALENCIA<\/strong><\/h4>\n\n\t\t<\/div>\n\t<\/div>\n<div class=\"vc_separator wpb_content_element vc_separator_align_center vc_sep_width_30 vc_sep_border_width_4 vc_sep_pos_align_left vc_separator_no_text\" ><span class=\"vc_sep_holder vc_sep_holder_l\"><span  style=\"border-color:#1e979f;\" class=\"vc_sep_line\"><\/span><\/span><span class=\"vc_sep_holder vc_sep_holder_r\"><span  style=\"border-color:#1e979f;\" class=\"vc_sep_line\"><\/span><\/span>\n<\/div><div class=\"  nk-ibox-1\"><div class=\"nk-ibox-icon\"><span class=\"ion-ios-home\"><\/span><\/div><div class=\"nk-ibox-cont\"><h3 class=\"nk-ibox-title\">Direcci\u00f3n<\/h3><p>Sorolla Center<br \/>\nAv. de las Cortes Valencianas 58<br \/>\n46015. VALENCIA<\/p>\n<\/div><\/div><div class=\" vc_custom_1553859173432  nk-ibox-1\"><div class=\"nk-ibox-icon\"><span class=\"fa fa-phone\"><\/span><\/div><div class=\"nk-ibox-cont\"><h3 class=\"nk-ibox-title\">Tel\u00e9fono<\/h3><p><a href=\"tel:+34914547098\">(+34) 914 547 098<\/a><\/p>\n<\/div><\/div><div class=\"  nk-ibox-1\"><div class=\"nk-ibox-icon\"><span class=\"fa fa-envelope\"><\/span><\/div><div class=\"nk-ibox-cont\"><h3 class=\"nk-ibox-title\">Email<\/h3><p><a href=\"mailto:info@meridianos.org\">info@meridianos.org<\/a><\/p>\n<\/div><\/div><div class=\" vc_custom_1553859194631  nk-ibox-1\"><div class=\"nk-ibox-icon\"><span class=\"fa fa-map-marker\"><\/span><\/div><div class=\"nk-ibox-cont\"><h3 class=\"nk-ibox-title\">Ubicaci\u00f3n<\/h3><p><a href=\"https:\/\/www.google.com\/maps\/d\/viewer?mid=1bW17rUM_MuIY_GjjdrvjqcaHVBc&amp;usp=sharing\" target=\"_blank\" rel=\"noopener noreferrer\">Abrir en Google Maps<\/a><\/p>\n<\/div><\/div><\/div><\/div><\/div><\/div><!-- Row Backgrounds --><div class=\"vc_row wpb_row vc_row-fluid\"><div class=\"wpb_column vc_column_container vc_col-sm-12\"><div class=\"vc_column-inner\"><div class=\"wpb_wrapper\"><div class=\"vc_empty_space\"   style=\"height: 20px\"><span class=\"vc_empty_space_inner\"><\/span><\/div><div class=\"vc_separator wpb_content_element vc_separator_align_center vc_sep_width_100 vc_sep_pos_align_center vc_separator_no_text vc_sep_color_grey\" ><span class=\"vc_sep_holder vc_sep_holder_l\"><span  class=\"vc_sep_line\"><\/span><\/span><span class=\"vc_sep_holder vc_sep_holder_r\"><span  class=\"vc_sep_line\"><\/span><\/span>\n<\/div><div class=\"vc_empty_space\"   style=\"height: 20px\"><span class=\"vc_empty_space_inner\"><\/span><\/div><\/div><\/div><\/div><\/div>\n","protected":false},"excerpt":{"rendered":"Trabajamos en todo el territorio nacional Madrid, Sevilla y Valencia y representaci\u00f3n en todo el territorio espa\u00f1ol. MADRID Direcci\u00f3nCarrera de San Jer\u00f3nimo 15 2\u00ba Palacio de Miraflores. 28014. MADRID Tel\u00e9fono(+34) 914 547 098 Emailinfo@meridianos.org Ubicaci\u00f3nAbrir en Google Maps SEVILLA Direcci\u00f3nAvenida Emilio Lemos 2 Edificio Torre Este, Mod 709.1 41020. SEVILLA Tel\u00e9fono(+34) 914 547 098 Emailinfo@meridianos.org [...]","protected":false},"author":10,"featured_media":0,"parent":0,"menu_order":0,"comment_status":"closed","ping_status":"closed","template":"","meta":[],"_links":{"self":[{"href":"https:\/\/coro.meridianos.org\/index.php\/wp-json\/wp\/v2\/pages\/6026"}],"collection":[{"href":"https:\/\/coro.meridianos.org\/index.php\/wp-json\/wp\/v2\/pages"}],"about":[{"href":"https:\/\/coro.meridianos.org\/index.php\/wp-json\/wp\/v2\/types\/page"}],"author":[{"embeddable":true,"href":"https:\/\/coro.meridianos.org\/index.php\/wp-json\/wp\/v2\/users\/10"}],"replies":[{"embeddable":true,"href":"https:\/\/coro.meridianos.org\/index.php\/wp-json\/wp\/v2\/comments?post=6026"}],"version-history":[{"count":21,"href":"https:\/\/coro.meridianos.org\/index.php\/wp-json\/wp\/v2\/pages\/6026\/revisions"}],"predecessor-version":[{"id":6343,"href":"https:\/\/coro.meridianos.org\/index.php\/wp-json\/wp\/v2\/pages\/6026\/revisions\/6343"}],"wp:attachment":[{"href":"https:\/\/coro.meridianos.org\/index.php\/wp-json\/wp\/v2\/media?parent=6026"}],"curies":[{"name":"wp","href":"https:\/\/api.w.org\/{rel}","templated":true}]}}